{"id":376,"date":"2022-07-23T16:46:58","date_gmt":"2022-07-23T14:46:58","guid":{"rendered":"https:\/\/black-wolves-karate.de\/?page_id=376"},"modified":"2022-07-27T16:25:40","modified_gmt":"2022-07-27T14:25:40","slug":"mitgliedschaft-2","status":"publish","type":"page","link":"https:\/\/black-wolves-karate.de\/index.php\/mitgliedschaft-2\/","title":{"rendered":"Mitgliedschaft"},"content":{"rendered":"\n<div style=\"height:100px\" aria-hidden=\"true\" class=\"wp-block-spacer\"><\/div>\n\n\n\n<p>Auf diesen Seiten erf\u00e4hrst Du, wie Du unserem Verein beitreten oder k\u00fcndigen kannst. Au\u00dferdem stellen wir Dir Impressionen aus unserem Training und unser Pr\u00fcfungsprogramm zur Verf\u00fcgung. Dadurch stehen Dir die wichtigsten Informationen \u00fcberall zur Verf\u00fcgung.<\/p>\n\n\n\n<p><a href=\"http:\/\/black-wolves-karate.de\/index.php\/mitgliedschaft\/\">Mitglied werden<\/a><\/p>\n\n\n\n<p><a href=\"http:\/\/black-wolves-karate.de\/index.php\/pruefungsprogramm\/\" data-type=\"URL\" data-id=\"http:\/\/black-wolves-karate.de\/index.php\/pruefungsprogramm\/\">Pr\u00fcfungsprogramm<\/a><\/p>\n\n\n\n<p><a href=\"http:\/\/black-wolves-karate.de\/index.php\/kuendigung\/\">K\u00fcndigung<\/a><\/p>\n","protected":false},"excerpt":{"rendered":"<p>Auf diesen Seiten erf\u00e4hrst Du, wie Du unserem Verein beitreten oder k\u00fcndigen kannst. Au\u00dferdem stellen wir Dir Impressionen aus unserem Training und unser Pr\u00fcfungsprogramm zur Verf\u00fcgung. Dadurch stehen Dir die wichtigsten Informationen \u00fcberall zur Verf\u00fcgung. Mitglied werden Pr\u00fcfungsprogramm K\u00fcndigung<\/p>\n","protected":false},"author":3,"featured_media":0,"parent":0,"menu_order":0,"comment_status":"closed","ping_status":"closed","template":"","meta":{"footnotes":""},"class_list":["post-376","page","type-page","status-publish","hentry","post"],"_links":{"self":[{"href":"https:\/\/black-wolves-karate.de\/index.php\/wp-json\/wp\/v2\/pages\/376","targetHints":{"allow":["GET"]}}],"collection":[{"href":"https:\/\/black-wolves-karate.de\/index.php\/wp-json\/wp\/v2\/pages"}],"about":[{"href":"https:\/\/black-wolves-karate.de\/index.php\/wp-json\/wp\/v2\/types\/page"}],"author":[{"embeddable":true,"href":"https:\/\/black-wolves-karate.de\/index.php\/wp-json\/wp\/v2\/users\/3"}],"replies":[{"embeddable":true,"href":"https:\/\/black-wolves-karate.de\/index.php\/wp-json\/wp\/v2\/comments?post=376"}],"version-history":[{"count":8,"href":"https:\/\/black-wolves-karate.de\/index.php\/wp-json\/wp\/v2\/pages\/376\/revisions"}],"predecessor-version":[{"id":423,"href":"https:\/\/black-wolves-karate.de\/index.php\/wp-json\/wp\/v2\/pages\/376\/revisions\/423"}],"wp:attachment":[{"href":"https:\/\/black-wolves-karate.de\/index.php\/wp-json\/wp\/v2\/media?parent=376"}],"curies":[{"name":"wp","href":"https:\/\/api.w.org\/{rel}","templated":true}]}}