{"id":166,"date":"2021-10-21T09:46:57","date_gmt":"2021-10-21T07:46:57","guid":{"rendered":"https:\/\/black-wolves-karate.de\/?page_id=166"},"modified":"2024-08-14T16:53:33","modified_gmt":"2024-08-14T14:53:33","slug":"pruefungsprogramm","status":"publish","type":"page","link":"https:\/\/black-wolves-karate.de\/index.php\/mitgliedschaft-2\/pruefungsprogramm\/","title":{"rendered":"Pr\u00fcfungsprogramm"},"content":{"rendered":"\n<div style=\"height:100px\" aria-hidden=\"true\" class=\"wp-block-spacer\"><\/div>\n\n\n\n<h2 class=\"wp-block-heading\">Pr\u00fcfungsprogramm Gelb-Gurt<\/h2>\n\n\n\n<div class=\"wp-block-file\"><a id=\"wp-block-file--media-8981a8f7-87c9-451f-80cd-54349f074b42\" href=\"https:\/\/black-wolves-karate.de\/wp-content\/uploads\/2024\/08\/1.-Gelb-Gurt.pdf\">1. Gelb Gurt<\/a><a href=\"https:\/\/black-wolves-karate.de\/wp-content\/uploads\/2024\/08\/1.-Gelb-Gurt.pdf\" class=\"wp-block-file__button wp-element-button\" download aria-describedby=\"wp-block-file--media-8981a8f7-87c9-451f-80cd-54349f074b42\">Herunterladen<\/a><\/div>\n\n\n\n<h2 class=\"wp-block-heading\">Pr\u00fcfungsprogramm Orange-Gurt<\/h2>\n\n\n\n<div class=\"wp-block-file\"><a id=\"wp-block-file--media-cc9ac71a-cef8-4837-a3ea-af34c327c2aa\" href=\"https:\/\/black-wolves-karate.de\/wp-content\/uploads\/2024\/08\/2.-Orange-Gurt.pdf\">2. Orange Gurt<\/a><a href=\"https:\/\/black-wolves-karate.de\/wp-content\/uploads\/2024\/08\/2.-Orange-Gurt.pdf\" class=\"wp-block-file__button wp-element-button\" download aria-describedby=\"wp-block-file--media-cc9ac71a-cef8-4837-a3ea-af34c327c2aa\">Herunterladen<\/a><\/div>\n\n\n\n<h2 class=\"wp-block-heading\">Pr\u00fcfungsprogramm Gr\u00fcn-Gurt<\/h2>\n\n\n\n<div class=\"wp-block-file\"><a id=\"wp-block-file--media-fcea67c5-efa6-470a-ae76-d7e22e3f4877\" href=\"https:\/\/black-wolves-karate.de\/wp-content\/uploads\/2024\/08\/3.-Gruen-Gurt.pdf\">3. Gr\u00fcn Gurt<\/a><a href=\"https:\/\/black-wolves-karate.de\/wp-content\/uploads\/2024\/08\/3.-Gruen-Gurt.pdf\" class=\"wp-block-file__button wp-element-button\" download aria-describedby=\"wp-block-file--media-fcea67c5-efa6-470a-ae76-d7e22e3f4877\">Herunterladen<\/a><\/div>\n\n\n\n<h2 class=\"wp-block-heading\">Pr\u00fcfungsprogramm Blau-Gurt<\/h2>\n\n\n\n<div class=\"wp-block-file\"><a id=\"wp-block-file--media-c4bddbb6-ca68-49ca-85e1-86ab0918621b\" href=\"https:\/\/black-wolves-karate.de\/wp-content\/uploads\/2024\/08\/4.-Blau-Gurt.pdf\">4. Blau Gurt<\/a><a href=\"https:\/\/black-wolves-karate.de\/wp-content\/uploads\/2024\/08\/4.-Blau-Gurt.pdf\" class=\"wp-block-file__button wp-element-button\" download aria-describedby=\"wp-block-file--media-c4bddbb6-ca68-49ca-85e1-86ab0918621b\">Herunterladen<\/a><\/div>\n\n\n\n<h2 class=\"wp-block-heading\">Pr\u00fcfungsprogramm Braun-Gurt<\/h2>\n\n\n\n<div class=\"wp-block-file\"><a id=\"wp-block-file--media-d7f7df29-f75e-4ee0-88c9-315f3716893c\" href=\"https:\/\/black-wolves-karate.de\/wp-content\/uploads\/2024\/08\/5.-Braun-Gurt.pdf\">5. Braun Gurt<\/a><a href=\"https:\/\/black-wolves-karate.de\/wp-content\/uploads\/2024\/08\/5.-Braun-Gurt.pdf\" class=\"wp-block-file__button wp-element-button\" download aria-describedby=\"wp-block-file--media-d7f7df29-f75e-4ee0-88c9-315f3716893c\">Herunterladen<\/a><\/div>\n\n\n\n<h2 class=\"wp-block-heading\">Pr\u00fcfungsprogramm 1. Dan<\/h2>\n\n\n\n<div class=\"wp-block-file\"><a id=\"wp-block-file--media-1cb1f533-652f-4f35-8682-d2a3e9f83f9e\" href=\"https:\/\/black-wolves-karate.de\/wp-content\/uploads\/2024\/08\/1.Dan_.pdf\">1.Dan<\/a><a href=\"https:\/\/black-wolves-karate.de\/wp-content\/uploads\/2024\/08\/1.Dan_.pdf\" class=\"wp-block-file__button wp-element-button\" download aria-describedby=\"wp-block-file--media-1cb1f533-652f-4f35-8682-d2a3e9f83f9e\">Herunterladen<\/a><\/div>\n\n\n\n<h2 class=\"wp-block-heading\">Pr\u00fcfungsprogramm 2. Dan<\/h2>\n\n\n\n<div class=\"wp-block-file\"><a id=\"wp-block-file--media-5ac00e02-7b99-4254-be4e-f1f327d97606\" href=\"https:\/\/black-wolves-karate.de\/wp-content\/uploads\/2024\/08\/2.Dan_.pdf\">2.Dan<\/a><a href=\"https:\/\/black-wolves-karate.de\/wp-content\/uploads\/2024\/08\/2.Dan_.pdf\" class=\"wp-block-file__button wp-element-button\" download aria-describedby=\"wp-block-file--media-5ac00e02-7b99-4254-be4e-f1f327d97606\">Herunterladen<\/a><\/div>\n\n\n\n<h2 class=\"wp-block-heading\">Pr\u00fcfungsprogramm 3. Dan<\/h2>\n\n\n\n<div class=\"wp-block-file\"><a id=\"wp-block-file--media-5311a65e-c764-4842-9cde-75fa4afaee96\" href=\"https:\/\/black-wolves-karate.de\/wp-content\/uploads\/2024\/08\/3.Dan_.pdf\">3.Dan<\/a><a href=\"https:\/\/black-wolves-karate.de\/wp-content\/uploads\/2024\/08\/3.Dan_.pdf\" class=\"wp-block-file__button wp-element-button\" download aria-describedby=\"wp-block-file--media-5311a65e-c764-4842-9cde-75fa4afaee96\">Herunterladen<\/a><\/div>\n","protected":false},"excerpt":{"rendered":"<p>Pr\u00fcfungsprogramm Gelb-Gurt Pr\u00fcfungsprogramm Orange-Gurt Pr\u00fcfungsprogramm Gr\u00fcn-Gurt Pr\u00fcfungsprogramm Blau-Gurt Pr\u00fcfungsprogramm Braun-Gurt Pr\u00fcfungsprogramm 1. Dan Pr\u00fcfungsprogramm 2. Dan Pr\u00fcfungsprogramm 3. Dan<\/p>\n","protected":false},"author":3,"featured_media":0,"parent":376,"menu_order":0,"comment_status":"closed","ping_status":"closed","template":"","meta":{"footnotes":""},"class_list":["post-166","page","type-page","status-publish","hentry","post"],"_links":{"self":[{"href":"https:\/\/black-wolves-karate.de\/index.php\/wp-json\/wp\/v2\/pages\/166","targetHints":{"allow":["GET"]}}],"collection":[{"href":"https:\/\/black-wolves-karate.de\/index.php\/wp-json\/wp\/v2\/pages"}],"about":[{"href":"https:\/\/black-wolves-karate.de\/index.php\/wp-json\/wp\/v2\/types\/page"}],"author":[{"embeddable":true,"href":"https:\/\/black-wolves-karate.de\/index.php\/wp-json\/wp\/v2\/users\/3"}],"replies":[{"embeddable":true,"href":"https:\/\/black-wolves-karate.de\/index.php\/wp-json\/wp\/v2\/comments?post=166"}],"version-history":[{"count":7,"href":"https:\/\/black-wolves-karate.de\/index.php\/wp-json\/wp\/v2\/pages\/166\/revisions"}],"predecessor-version":[{"id":777,"href":"https:\/\/black-wolves-karate.de\/index.php\/wp-json\/wp\/v2\/pages\/166\/revisions\/777"}],"up":[{"embeddable":true,"href":"https:\/\/black-wolves-karate.de\/index.php\/wp-json\/wp\/v2\/pages\/376"}],"wp:attachment":[{"href":"https:\/\/black-wolves-karate.de\/index.php\/wp-json\/wp\/v2\/media?parent=166"}],"curies":[{"name":"wp","href":"https:\/\/api.w.org\/{rel}","templated":true}]}}