{"id":105,"date":"2021-10-20T21:48:00","date_gmt":"2021-10-20T19:48:00","guid":{"rendered":"https:\/\/black-wolves-karate.de\/?page_id=105"},"modified":"2024-04-11T09:07:18","modified_gmt":"2024-04-11T07:07:18","slug":"mitgliedschaft","status":"publish","type":"page","link":"https:\/\/black-wolves-karate.de\/index.php\/mitgliedschaft-2\/mitgliedschaft\/","title":{"rendered":"Mitglied werden"},"content":{"rendered":"\n<div style=\"height:100px\" aria-hidden=\"true\" class=\"wp-block-spacer\"><\/div>\n\n\n\n<h2 class=\"wp-block-heading\">Probetraining<\/h2>\n\n\n\n<p>Bei Interesse an unserem Training kommt gern zu einem unverbindlichen Probetraining vorbei! Dabei lernt ihr unser Training aus erster Hand kennen und k\u00f6nnt so am besten entscheiden, ob Karate zu euch passt. Seid bitte 10-15 min vor Trainingsbeginn da, damit der Trainer oder die Trainerin euch begr\u00fc\u00dfen und euch die wichtigsten Grunds\u00e4tze erkl\u00e4ren kann.<\/p>\n\n\n\n<h2 class=\"wp-block-heading\">Beitr\u00e4ge<\/h2>\n\n\n\n<ul class=\"wp-block-list\">\n<li><strong>Kinder und Jugendliche bis 17 Jahre:15\u20ac<\/strong><\/li>\n\n\n\n<li><strong>Erwachsene ab 18 Jahre: 20\u20ac<\/strong><\/li>\n\n\n\n<li><strong>F\u00f6rdermitglieder: 5\u20ac<\/strong><\/li>\n\n\n\n<li><strong>K\u00fcndigungsfrist: monatlich<\/strong><\/li>\n<\/ul>\n\n\n\n<h2 class=\"wp-block-heading\">Anmelde und Ausr\u00fcstungsdatei<\/h2>\n\n\n\n<div class=\"wp-block-columns is-layout-flex wp-container-core-columns-is-layout-9d6595d7 wp-block-columns-is-layout-flex\">\n<div class=\"wp-block-column is-layout-flow wp-block-column-is-layout-flow\">\n<div data-wp-interactive=\"core\/file\" class=\"wp-block-file\"><object data-wp-bind--hidden=\"!state.hasPdfPreview\" hidden class=\"wp-block-file__embed\" data=\"https:\/\/black-wolves-karate.de\/wp-content\/uploads\/2024\/04\/Anmeldung_Neu.pdf\" type=\"application\/pdf\" style=\"width:100%;height:210px\" aria-label=\"Einbettung von Anmeldung_Neu.\"><\/object><a id=\"wp-block-file--media-99cb883f-6200-4718-b942-063b3a0c16dc\" href=\"https:\/\/black-wolves-karate.de\/wp-content\/uploads\/2024\/04\/Anmeldung_Neu.pdf\">Anmeldung_Neu<\/a><a href=\"https:\/\/black-wolves-karate.de\/wp-content\/uploads\/2024\/04\/Anmeldung_Neu.pdf\" class=\"wp-block-file__button wp-element-button\" download aria-describedby=\"wp-block-file--media-99cb883f-6200-4718-b942-063b3a0c16dc\">Herunterladen<\/a><\/div>\n<\/div>\n\n\n\n<div class=\"wp-block-column is-layout-flow wp-block-column-is-layout-flow\">\n<div data-wp-interactive=\"core\/file\" class=\"wp-block-file\"><object data-wp-bind--hidden=\"!state.hasPdfPreview\" hidden class=\"wp-block-file__embed\" data=\"https:\/\/black-wolves-karate.de\/wp-content\/uploads\/2024\/02\/Schutzausruestung-Anfaenger.pdf\" type=\"application\/pdf\" style=\"width:100%;height:200px\" aria-label=\"Einbettung von Schutzausruestung-Anfaenger.\"><\/object><a id=\"wp-block-file--media-a413d62b-d9ae-4b8b-a6e5-b9de1052e432\" href=\"https:\/\/black-wolves-karate.de\/wp-content\/uploads\/2024\/02\/Schutzausruestung-Anfaenger.pdf\">Schutzausruestung-Anfaenger<\/a><a href=\"https:\/\/black-wolves-karate.de\/wp-content\/uploads\/2024\/02\/Schutzausruestung-Anfaenger.pdf\" class=\"wp-block-file__button wp-element-button\" download aria-describedby=\"wp-block-file--media-a413d62b-d9ae-4b8b-a6e5-b9de1052e432\">Herunterladen<\/a><\/div>\n<\/div>\n<\/div>\n\n\n\n<div class=\"wp-block-columns is-layout-flex wp-container-core-columns-is-layout-9d6595d7 wp-block-columns-is-layout-flex\">\n<div class=\"wp-block-column is-layout-flow wp-block-column-is-layout-flow\">\n<p class=\"has-black-color has-text-color has-link-color has-large-font-size wp-elements-79cda51b1841c23ff9d1dc68a242db48\"><\/p>\n<\/div>\n<\/div>\n\n\n\n<div class=\"wp-block-columns is-layout-flex wp-container-core-columns-is-layout-9d6595d7 wp-block-columns-is-layout-flex\">\n<div class=\"wp-block-column is-layout-flow wp-block-column-is-layout-flow\"><\/div>\n<\/div>\n\n\n\n<div class=\"wp-block-columns is-layout-flex wp-container-core-columns-is-layout-9d6595d7 wp-block-columns-is-layout-flex\">\n<div class=\"wp-block-column is-layout-flow wp-block-column-is-layout-flow\"><\/div>\n<\/div>\n\n\n\n<div class=\"wp-block-columns is-layout-flex wp-container-core-columns-is-layout-9d6595d7 wp-block-columns-is-layout-flex\">\n<div class=\"wp-block-column is-layout-flow wp-block-column-is-layout-flow\"><\/div>\n<\/div>\n\n\n\n<div class=\"wp-block-columns is-layout-flex wp-container-core-columns-is-layout-9d6595d7 wp-block-columns-is-layout-flex\">\n<div class=\"wp-block-column is-layout-flow wp-block-column-is-layout-flow\"><\/div>\n<\/div>\n\n\n\n<div class=\"wp-block-columns is-layout-flex wp-container-core-columns-is-layout-9d6595d7 wp-block-columns-is-layout-flex\">\n<div class=\"wp-block-column is-layout-flow wp-block-column-is-layout-flow\"><\/div>\n<\/div>\n\n\n\n<div class=\"wp-block-columns is-layout-flex wp-container-core-columns-is-layout-9d6595d7 wp-block-columns-is-layout-flex\">\n<div class=\"wp-block-column is-layout-flow wp-block-column-is-layout-flow\"><\/div>\n<\/div>\n\n\n\n<p class=\"has-black-color has-text-color has-link-color has-large-font-size wp-elements-f11223055e7afc2c986eb08f5c6cd381\">Bitte f\u00fcllt die ausf\u00fcllbare Anmeldungs-PDF am PC aus und bringt sie unterschrieben mit ins Training! Danke!<\/p>\n\n\n\n<h2 class=\"wp-block-heading\">Allgemeine Regeln<\/h2>\n\n\n\n<ul class=\"wp-block-list\">\n<li>Die Karatekas sind p\u00fcnktlich 5 min vor Trainingsbeginn umgezogen in der Halle.<\/li>\n\n\n\n<li>Mitzubringen sind die komplette Schutzausr\u00fcstung (falls vorhanden), Wasser und f\u00fcr die Erwachsenen ein Handtuch.<\/li>\n\n\n\n<li>W\u00e4hrend des Trainings wird kein Kaugummi gekaut.<\/li>\n\n\n\n<li>Vor und nach dem Training wird sich zur Trainingshalle (Dojo) verbeugt.<\/li>\n\n\n\n<li><strong>Hygiene:<\/strong>\n<ul class=\"wp-block-list\">\n<li>Zehen- und Fingern\u00e4gel werden kurz geschnitten.<\/li>\n\n\n\n<li>Die F\u00fc\u00dfe werden, falls erforderlich, vor dem Training gewaschen.<\/li>\n\n\n\n<li>Wer ansteckende Fu\u00dfkrankheiten hat zieht Turnschuhe oder Turnschl\u00e4ppchen an.<\/li>\n<\/ul>\n<\/li>\n\n\n\n<li><strong>Kleidung:<\/strong>\n<ul class=\"wp-block-list\">\n<li>Ketten, Ringe, Ohrringe und Piercings werden vor dem Training abgelegt.<\/li>\n\n\n\n<li>Lange Haare sind zusammenzubinden.<\/li>\n\n\n\n<li>Die Anzugsordnung wird eingehalten.<\/li>\n<\/ul>\n<\/li>\n<\/ul>\n\n\n\n<h2 class=\"wp-block-heading\">Regeln speziell im Kindertraining<\/h2>\n\n\n\n<ul class=\"wp-block-list\">\n<li>Vor dem Training gehe ich auf Toilette.<\/li>\n\n\n\n<li>Ich r\u00e4ume meine Sachen in der Kabine ordentlich auf, das hei\u00dft ich h\u00e4nge meine Jacke auf, stelle die Schuhe unter die Bank und stecke die Socken richtig herum in die Schuhe.<\/li>\n\n\n\n<li>W\u00e4hrend des Trainings bleibe ich in der Halle.<\/li>\n\n\n\n<li>Falls ich doch auf Toilette muss, melde ich mich bei dem\/der Trainer\/in.<\/li>\n\n\n\n<li>Falls auf der Toilette ein Missgeschick geschieht, sage ich dem\/der Trainer\/in Bescheid.<\/li>\n\n\n\n<li>Wenn ein Karateka redet, h\u00f6re ich aufmerksam zu.<\/li>\n\n\n\n<li>Nach dem Training ziehe ich mich in der Kabine leise und schnell um.<\/li>\n<\/ul>\n","protected":false},"excerpt":{"rendered":"<p>Probetraining Bei Interesse an unserem Training kommt gern zu einem unverbindlichen Probetraining vorbei! Dabei lernt ihr unser Training aus erster Hand kennen und k\u00f6nnt so am besten entscheiden, ob Karate zu euch passt. Seid bitte 10-15 min vor Trainingsbeginn da, damit der Trainer oder die Trainerin euch begr\u00fc\u00dfen und euch die wichtigsten Grunds\u00e4tze erkl\u00e4ren kann. [&hellip;]<\/p>\n","protected":false},"author":3,"featured_media":0,"parent":376,"menu_order":0,"comment_status":"closed","ping_status":"closed","template":"","meta":{"footnotes":""},"class_list":["post-105","page","type-page","status-publish","hentry","post"],"_links":{"self":[{"href":"https:\/\/black-wolves-karate.de\/index.php\/wp-json\/wp\/v2\/pages\/105","targetHints":{"allow":["GET"]}}],"collection":[{"href":"https:\/\/black-wolves-karate.de\/index.php\/wp-json\/wp\/v2\/pages"}],"about":[{"href":"https:\/\/black-wolves-karate.de\/index.php\/wp-json\/wp\/v2\/types\/page"}],"author":[{"embeddable":true,"href":"https:\/\/black-wolves-karate.de\/index.php\/wp-json\/wp\/v2\/users\/3"}],"replies":[{"embeddable":true,"href":"https:\/\/black-wolves-karate.de\/index.php\/wp-json\/wp\/v2\/comments?post=105"}],"version-history":[{"count":10,"href":"https:\/\/black-wolves-karate.de\/index.php\/wp-json\/wp\/v2\/pages\/105\/revisions"}],"predecessor-version":[{"id":745,"href":"https:\/\/black-wolves-karate.de\/index.php\/wp-json\/wp\/v2\/pages\/105\/revisions\/745"}],"up":[{"embeddable":true,"href":"https:\/\/black-wolves-karate.de\/index.php\/wp-json\/wp\/v2\/pages\/376"}],"wp:attachment":[{"href":"https:\/\/black-wolves-karate.de\/index.php\/wp-json\/wp\/v2\/media?parent=105"}],"curies":[{"name":"wp","href":"https:\/\/api.w.org\/{rel}","templated":true}]}}